{"id":65,"date":"2017-11-10T14:08:51","date_gmt":"2017-11-10T14:08:51","guid":{"rendered":"http:\/\/tag_link_site_url\/mesmerize\/"},"modified":"2021-02-27T08:05:07","modified_gmt":"2021-02-27T08:05:07","slug":"mesmerize","status":"publish","type":"page","link":"https:\/\/garagebar.dk\/","title":{"rendered":"Forside."},"content":{"rendered":"<div  id=\"overlappable-4\" style=\"background-color: rgb(255, 255, 255); background-image: none;\" data-label=\"Overlappable\" data-id=\"overlappable-4\" data-export-id=\"overlappable-4\" data-category=\"overlappable\" class=\"overlappable-4 content-section content-section-spacing\" data-overlap=\"true\">\n<div  class=\"gridContainer\">\n<div  data-type=\"row\" class=\"row spaced-cols text-center\">\n<div  class=\"col-xs-12 col-sm-4 col-padding\">\n\n<a data-cp-link=\"1\" href=\"#\" target=\"_self\" rel=\"noopener\"><i  class=\"fa icon shadow-large-black aligncenter color1 fa-cubes bordered round large\"> <\/i><\/a>\n<div  data-type=\"column\" class=\"\">\n<h5  class=\"\">HJEMMESIDE.<\/h5>\n<p  class=\"\">F\u00e6rdig hjemmeside efter dine behov<br >Minimun 5 sider, 5 mailkonti og gratis dom\u00e6ne.<\/p>\n\n<\/div>\n<\/div>\n<div  class=\"col-xs-12 col-sm-4 col-padding\">\n\n<a data-cp-link=\"1\" href=\"#\" target=\"_self\" rel=\"noopener\"><i  class=\"fa icon shadow-large-black aligncenter color1 fa-arrows bordered round large\"> <\/i><\/a>\n<div  data-type=\"column\" class=\"\">\n<h5  class=\"\">FLEKSIBILITET.<\/h5>\n<p  class=\"\">Hjemmesider kan selvf\u00f8lgelig tilg\u00e5s fra alle typer enheder.<\/p>\n\n<\/div>\n<\/div>\n<div  class=\"col-xs-12 col-sm-4 col-padding\">\n\n<a data-cp-link=\"1\" href=\"#\" target=\"_self\" rel=\"noopener\"><i  class=\"fa icon shadow-large-black aligncenter color1 fa-calendar bordered round large\"> <\/i><\/a>\n<div  data-type=\"column\" class=\"\">\n<h5  class=\"\">PLANL\u00c6GNING.<\/h5>\n<p  class=\"\">Det er vigtigt, at hjemmesiden afspejler din virksomhed og er opbygget s\u00e5ledes, at den er relevant for din specifikke m\u00e5lgruppe.<\/p>\n\n<\/div>\n<\/div>\n<\/div>\n<\/div>\n<\/div><div  id=\"about-1\" style=\"background-color: rgb(255, 255, 255); background-image: none;\" data-label=\"About\" data-id=\"about-1\" data-export-id=\"about-1\" data-category=\"about\" class=\"about-1 content-section content-section-spacing\">\n<div  class=\"gridContainer\">\n<div  class=\"row text-center\">\n<div  class=\"section-title-col\" data-type=\"column\">\n<h5  class=\"\">EDAX.DK<\/h5>\n<h2  class=\"\">F\u00e6rdig hjemmeside efter dine behov<br >Minimun 5 sider, 5 mailkonti og gratis dom\u00e6ne.<\/h2>\n\n<a class=\"button color1\" href=\"https:\/\/edax.dk\" target=\"_blank\" data-cp-link=\"1\" rel=\"noopener\">KONTAKT OS IDAG.<\/a>\n\n<\/div>\n<\/div>\n<div  class=\"row\">\n<div  class=\"bottom-xs center-xs col-xs flexbox image-group-bottom-3-img\"><img decoding=\"async\"  class=\"left-img shadow-large-black\" data-size=\"500x300\" src=\"https:\/\/garagebar.dk\/wp-content\/uploads\/2021\/02\/cropped-pexels-tembela-bohle-1884579.jpg\" title=\"cropped-pexels-tembela-bohle-1884579.jpg\" alt=\"\"> <img decoding=\"async\"  class=\"center-img shadow-large-black\" data-size=\"500x300\" src=\"https:\/\/garagebar.dk\/wp-content\/uploads\/2021\/02\/cropped-cropped-pexels-julie-aagaard-2467287.jpg\" title=\"cropped-cropped-pexels-julie-aagaard-2467287.jpg\" alt=\"\"> <img decoding=\"async\"  class=\"right-img shadow-large-black\" data-size=\"500x300\" src=\"https:\/\/garagebar.dk\/wp-content\/uploads\/2021\/02\/cropped-pexels-andrea-piacquadio-919436-1.jpg\" title=\"cropped-pexels-andrea-piacquadio-919436-1.jpg\" alt=\"\"><\/div>\n<\/div>\n<\/div>\n<\/div><div  data-label=\"Features\" data-id=\"features--1\" data-export-id=\"features-16\" data-category=\"features\" class=\"features-16 content-section content-section-spacing\" id=\"features-4\" style=\"background-color: rgb(255, 255, 255); background-image: none;\"><div  class=\"gridContainer\"> <div  class=\"row text-center\"><div  class=\"section-title-col\" data-type=\"column\"> <h2  class=\"\">Vi tilbyder.<\/h2> <p  class=\"lead\">F\u00f8r vi g\u00e5r igang med programmering af din nye hjemmeside<br >skal du g\u00f8re dig nogle tanker om, hvad der skal st\u00e5 p\u00e5 din hjemmeside<br >hvilket budskab du har og hvilke billeder du \u00f8nsker at bruge.<\/p><\/div> <\/div> <div  class=\"row spaced-cols\" data-type=\"row\"> <div  class=\"col-xs-12 col-sm-6 col-md-4 space-bottom\"> <img decoding=\"async\"  class=\"face\" src=\"https:\/\/garagebar.dk\/wp-content\/uploads\/2021\/02\/cropped-pexels-lisa-fotios-1855214.jpg\" title=\"cropped-pexels-lisa-fotios-1855214.jpg\" alt=\"\"> <div  data-type=\"column\" class=\"col-padding-small col-padding-small-xs description-container\"> <h4  class=\"font-500\">CMS systemer.<\/h4> <p  class=\"\">CMS systemer tillader, at tekst, billeder, video og andet sp\u00e6ndende indhold, kan tilf\u00f8jes, redigeres og fjernes, gennem brugervenlig platform og direkte fra en webbrowserCMS systemer tillader, at tekst, billeder, video og andet sp\u00e6ndende indhold, kan tilf\u00f8jes, redigeres og fjernes, gennem brugervenlig platform og direkte fra en webbrowser.<\/p> <\/div> <\/div> <div  class=\"col-xs-12 col-sm-6 col-md-4 space-bottom\"> <img decoding=\"async\"  class=\"face\" src=\"https:\/\/garagebar.dk\/wp-content\/uploads\/2021\/02\/cropped-apparel-1850804_1920-1.jpg\" title=\"cropped-apparel-1850804_1920-1.jpg\" alt=\"\"> <div  data-type=\"column\" class=\"col-padding-small col-padding-small-xs description-container\"> <h4  class=\"font-500\">Design.<\/h4> <p  class=\"\">For at f\u00e5 succes er du dog ogs\u00e5 afh\u00e6ngig af, at der kommer bes\u00f8gende ind p\u00e5 din hjemmeside.<\/p> <\/div> <\/div> <div  class=\"col-xs-12 col-sm-6 col-md-4 space-bottom\"> <img decoding=\"async\"  class=\"face\" src=\"https:\/\/garagebar.dk\/wp-content\/uploads\/2021\/02\/cropped-cropped-pexels-dmitry-zvolskiy-2253643.jpg\" title=\"cropped-cropped-pexels-dmitry-zvolskiy-2253643.jpg\" alt=\"\"> <div  data-type=\"column\" class=\"col-padding-small col-padding-small-xs description-container\"> <h4  class=\"font-500\">Responsive design<\/h4> <p  class=\"\">En trov\u00e6rdig hjemmeside giver kunder lyst til at henvende sig, fremfor at v\u00e6lge konkurrenterne.<\/p> <\/div> <\/div><\/div> <\/div><\/div><div  id=\"content-13\" style=\"background-color: rgb(255, 255, 255); background-image: none;\" data-label=\"Content\" data-id=\"content-2\" data-export-id=\"content-2\" data-category=\"content\" class=\"content-2 content-section content-section-spacing\">\n<div  class=\"\">\n<div  class=\"row middle-xs\">\n<div  class=\"col-sm-5 bg-image shadow-large-black\" data-bg=\"image\" style=\"background-image: url(&quot;https:\/\/garagebar.dk\/wp-content\/uploads\/2021\/02\/cropped-model-2303361_1920.jpg&quot;);\"><\/div>\n<div  class=\"col-sm-7 full-col-left-padding full-col-right-padding\">\n<div  class=\"row\">\n<div  data-type=\"column\" class=\"space-bottom-small content-title-col\">\n\n<h2  class=\"\">Hemmeligheden bag succes.<\/h2>\n<p  class=\"\">For at f\u00e5 succes er du dog ogs\u00e5 afh\u00e6ngig af, at der kommer bes\u00f8gende ind p\u00e5 din hjemmeside.<\/p>\n\n<\/div>\n<\/div>\n<div  class=\"row spaced-cols \" data-type=\"row\">\n<div  class=\"col-xs-6\" data-type=\"column\">\n<h5  class=\"end\">BES\u00d8GENDE.<\/h5>\n<p  class=\"\">Evt. ops\u00e6tte Google Analytics til brug til oprettelse af kampagner, remarketing eller annoncer.<\/p>\n\n<\/div>\n<div  class=\"col-xs-6\" data-type=\"column\">\n<h5  class=\"end\">SEO.<\/h5>\n<p  class=\"\">Hjemmesiden opbygges efter de sidste nye standarder, s\u00e5 den er s\u00e5 SEO venlig som mulig.<\/p>\n\n<\/div>\n<div  class=\"col-xs-6\" data-type=\"column\">\n<h5  class=\"end\">DESIGN.<\/h5>\n<p  class=\"\">Indbydende, brugervenlig, informativ, er med til at der kommer bes\u00f8gende til din hjemmeside og de forbliver loyale.<\/p>\n\n<\/div>\n<div  class=\"col-xs-6\" data-type=\"column\">\n<h5  class=\"end\">M\u00c5LGRUPPE.<\/h5>\n<p  class=\"\">Det er vigtigt, at hjemmesiden afspejler din virksomhed og er opbygget s\u00e5ledes, at den er relevant for din specifikke m\u00e5lgruppe.<\/p>\n\n<\/div>\n<\/div>\n<\/div>\n<\/div>\n<\/div>\n<\/div><div  data-label=\"Portfolio\" data-id=\"portfolio-5\" data-export-id=\"portfolio-5\" data-category=\"portfolio\" class=\"portfolio-5 content-section content-section-spacing\" id=\"portfolio-4\" style=\"background-color: rgb(255, 255, 255); background-image: none;\">\n<div  class=\"gridContainer\">\n<div  class=\"row text-center\">\n<div  class=\"section-title-col\" data-type=\"column\">\n<h2  class=\"\">Portfolio<\/h2>\n<p  class=\"lead\">Du er altid velkommen til uforpligtende at kontakte os, s\u00e5 vi kan tage en dialog om hvad vi kan tilbyde lige netop dig. Du kan med fordel skrive en mail til os.<\/p>\n\n<\/div>\n<\/div>\n<div  class=\"row space-bottom spaced-cols\" data-type=\"row\">\n<div  class=\"col-xs-12 col-sm-4 text-center col-md-4 \">\n<div  class=\"card no-padding bordered\">\n<div  data-hover-fx=\"portfolio-6\" class=\"contentswap-effect\">\n<div  class=\"initial-image\"><img decoding=\"async\"  data-size=\"500x500\" src=\"https:\/\/garagebar.dk\/wp-content\/uploads\/2021\/02\/cropped-cropped-coffee-shop-393954_1920-1.jpg\"><\/div>\n<div  class=\"overlay bg-color6\"><\/div>\n<div  class=\"swap-inner col-xs-12\">\n<div  class=\"row full-height-row middle-xs middle-sm\">\n<div  class=\"col-xs-12 text-center content-holder\"><a class=\"button small color2\" href=\"https:\/\/agdal.dk\" target=\"_blank\" data-cp-link=\"1\" rel=\"noopener\">L\u00e6s mere.<\/a><\/div>\n<\/div>\n<\/div>\n<\/div>\n<div  class=\"col-xs-12\">\n<div  class=\"space-bottom space-top\" data-type=\"column\">\n\n\n\n<\/div>\n<\/div>\n<\/div>\n<\/div>\n<div  class=\"col-xs-12 col-sm-4 text-center col-md-4 \">\n<div  class=\"card no-padding bordered\">\n<div  data-hover-fx=\"portfolio-6\" class=\"contentswap-effect\">\n<div  class=\"initial-image\"><img decoding=\"async\"  data-size=\"500x500\" src=\"https:\/\/garagebar.dk\/wp-content\/uploads\/2021\/02\/cropped-cropped-pexels-valeria-boltneva-1833349-1.jpg\"><\/div>\n<div  class=\"overlay bg-color6\"><\/div>\n<div  class=\"swap-inner col-xs-12\">\n<div  class=\"row full-height-row middle-xs middle-sm\">\n<div  class=\"col-xs-12 text-center content-holder\"><a class=\"button small color2\" href=\"https:\/\/akk.dk\" target=\"_self\" data-cp-link=\"1\" rel=\"noopener\">L\u00e6s mere.<\/a><\/div>\n<\/div>\n<\/div>\n<\/div>\n<div  class=\"col-xs-12\">\n<div  class=\"space-bottom space-top\" data-type=\"column\">\n\n\n\n<\/div>\n<\/div>\n<\/div>\n<\/div>\n<div  class=\"col-xs-12 col-sm-4 text-center col-md-4 \">\n<div  class=\"card no-padding bordered\">\n<div  data-hover-fx=\"portfolio-6\" class=\"contentswap-effect\">\n<div  class=\"initial-image\"><img decoding=\"async\"  data-size=\"500x500\" src=\"https:\/\/garagebar.dk\/wp-content\/uploads\/2021\/02\/cropped-pexels-nataliya-vaitkevich-6214479.jpg\"><\/div>\n<div  class=\"overlay bg-color6\"><\/div>\n<div  class=\"swap-inner col-xs-12\">\n<div  class=\"row full-height-row middle-xs middle-sm\">\n<div  class=\"col-xs-12 text-center content-holder\"><a class=\"button small color2\" href=\"#\" target=\"_self\" data-cp-link=\"1\" rel=\"noopener\">L\u00e6s mere.<\/a><\/div>\n<\/div>\n<\/div>\n<\/div>\n<div  class=\"col-xs-12\">\n<div  class=\"space-bottom space-top\" data-type=\"column\">\n\n\n\n<\/div>\n<\/div>\n<\/div>\n<\/div>\n<div  class=\"col-xs-12 col-sm-4 text-center col-md-4\">\n<div  class=\"card no-padding bordered\">\n<div  data-hover-fx=\"portfolio-6\" class=\"contentswap-effect\">\n<div  class=\"initial-image\"><img decoding=\"async\"  data-size=\"500x500\" src=\"https:\/\/garagebar.dk\/wp-content\/uploads\/2021\/02\/cropped-pexels-adrian-dorobantu-2300334.jpg\"><\/div>\n<div  class=\"overlay bg-color6\"><\/div>\n<div  class=\"swap-inner col-xs-12\">\n<div  class=\"row full-height-row middle-xs middle-sm\">\n<div  class=\"col-xs-12 text-center content-holder\"><a class=\"button small color2\" href=\"https:\/\/akk.dk\" target=\"_self\" data-cp-link=\"1\" rel=\"noopener\">L\u00e6s mere.<\/a><\/div>\n<\/div>\n<\/div>\n<\/div>\n<div  class=\"col-xs-12\">\n<div  class=\"space-bottom space-top\" data-type=\"column\">\n\n\n\n<\/div>\n<\/div>\n<\/div>\n<\/div>\n<div  class=\"col-xs-12 col-sm-4 text-center col-md-4\">\n<div  class=\"card no-padding bordered\">\n<div  data-hover-fx=\"portfolio-6\" class=\"contentswap-effect\">\n<div  class=\"initial-image\"><img decoding=\"async\"  data-size=\"500x500\" src=\"https:\/\/garagebar.dk\/wp-content\/uploads\/2021\/02\/cropped-pexels-lisa-fotios-1855214-1.jpg\"><\/div>\n<div  class=\"overlay bg-color6\"><\/div>\n<div  class=\"swap-inner col-xs-12\">\n<div  class=\"row full-height-row middle-xs middle-sm\">\n<div  class=\"col-xs-12 text-center content-holder\"><a class=\"button small color2\" href=\"https:\/\/agdal.dk\" target=\"_self\" data-cp-link=\"1\" rel=\"noopener\">L\u00e6s mere.<\/a><\/div>\n<\/div>\n<\/div>\n<\/div>\n<div  class=\"col-xs-12\">\n<div  class=\"space-bottom space-top\" data-type=\"column\">\n\n\n\n<\/div>\n<\/div>\n<\/div>\n<\/div>\n<div  class=\"col-xs-12 col-sm-4 text-center col-md-4\">\n<div  class=\"card no-padding bordered\">\n<div  data-hover-fx=\"portfolio-6\" class=\"contentswap-effect\">\n<div  class=\"initial-image\"><img decoding=\"async\"  data-size=\"500x500\" src=\"https:\/\/garagebar.dk\/wp-content\/uploads\/2021\/02\/cropped-beautiful-2405131_1920.jpg\"><\/div>\n<div  class=\"overlay bg-color6\"><\/div>\n<div  class=\"swap-inner col-xs-12\">\n<div  class=\"row full-height-row middle-xs middle-sm\">\n<div  class=\"col-xs-12 text-center content-holder\"><a class=\"button small color2\" href=\"https:\/\/agdal.dk\" target=\"_self\" data-cp-link=\"1\" rel=\"noopener\">L\u00e6s mere.<\/a><\/div>\n<\/div>\n<\/div>\n<\/div>\n<div  class=\"col-xs-12\">\n<div  class=\"space-bottom space-top\" data-type=\"column\">\n\n\n\n<\/div>\n<\/div>\n<\/div>\n<\/div>\n<\/div>\n<div  class=\"row\">\n<div  data-type=\"column\" class=\"col-xs-12 text-center\"><a class=\"button color2 y-move\" href=\"#\" target=\"_self\" data-cp-link=\"1\" rel=\"noopener\">Se Portfolio.<\/a><\/div>\n<\/div>\n<\/div>\n<\/div><div  data-label=\"Team\" data-id=\"team--1\" data-export-id=\"team-2\" data-category=\"team\" class=\"team-2 content-section content-section-spacing\" id=\"team-1\" style=\"background-color: rgb(255, 255, 255); background-image: none;\"><div  class=\"gridContainer\"> <div  class=\"row text-center\"><div  class=\"section-title-col\" data-type=\"column\"> <h2  class=\"\">Vores Team.<\/h2> <\/div> <\/div> <div  class=\"row spaced-cols content-center-sm\" data-type=\"row\"> <div  class=\"col-sm-6 col-md-3\"> <div  class=\"card y-move no-padding bordered\"> <img decoding=\"async\"  class=\"face\" src=\"https:\/\/garagebar.dk\/wp-content\/uploads\/2021\/02\/cropped-cropped-pexels-fauxels-3183149-1.jpg\" title=\"cropped-cropped-pexels-fauxels-3183149-1.jpg\" alt=\"\"> <div  data-type=\"column\" class=\"col-padding-small col-padding-small-xs description-container\"> <h4  class=\"font-500\">Direkt\u00f8r.<\/h4> <p  class=\"small\" style=\"font-style: italic;\">Kenneth.<\/p> <div  class=\"social-icons-group\" data-type=\"group\"> <a  href=\"#\"><i  class=\"gray fa icon fa-facebook-square small\"><\/i><\/a> <a  href=\"#\"><i  class=\"gray fa icon fa-twitter-square small\"><\/i><\/a> <a  href=\"#\"><i  class=\"gray fa icon fa-linkedin-square small\"><\/i><\/a> <a  href=\"#\"><i  class=\"gray fa icon fa-google-plus-square small\"><\/i><\/a><\/div> <\/div><\/div> <\/div> <div  class=\"col-sm-6 col-md-3\"> <div  class=\"card y-move no-padding bordered\"> <img decoding=\"async\"  class=\"face\" src=\"https:\/\/garagebar.dk\/wp-content\/uploads\/2021\/02\/cropped-apple-1838564-big.jpg\" title=\"cropped-apple-1838564-big.jpg\" alt=\"\"> <div  data-type=\"column\" class=\"col-padding-small col-padding-small-xs description-container\"> <h4  class=\"font-500\">WebMaster.<\/h4> <p  class=\"small\" style=\"font-style: italic;\">Jan.<\/p> <div  class=\"social-icons-group\" data-type=\"group\"> <a  href=\"#\"><i  class=\"gray fa icon fa-facebook-square small\"><\/i><\/a> <a  href=\"#\"><i  class=\"gray fa icon fa-twitter-square small\"><\/i><\/a> <a  href=\"#\"><i  class=\"gray fa icon fa-linkedin-square small\"><\/i><\/a> <a  href=\"#\"><i  class=\"gray fa icon fa-google-plus-square small\"><\/i><\/a><\/div> <\/div><\/div> <\/div> <div  class=\"col-sm-6 col-md-3\"> <div  class=\"card y-move no-padding bordered\"> <img decoding=\"async\"  class=\"face\" src=\"https:\/\/garagebar.dk\/wp-content\/uploads\/2021\/02\/cropped-cropped-pexels-fauxels-3183149-1-1.jpg\" title=\"cropped-cropped-pexels-fauxels-3183149-1-1.jpg\" alt=\"\"> <div  data-type=\"column\" class=\"col-padding-small col-padding-small-xs description-container\"> <h4  class=\"font-500\">SalgsDirekt\u00f8r<\/h4> <p  class=\"small\" style=\"font-style: italic;\">Helle.<\/p> <div  class=\"social-icons-group\" data-type=\"group\"> <a  href=\"#\"><i  class=\"gray fa icon fa-facebook-square small\"><\/i><\/a> <a  href=\"#\"><i  class=\"gray fa icon fa-twitter-square small\"><\/i><\/a> <a  href=\"#\"><i  class=\"gray fa icon fa-linkedin-square small\"><\/i><\/a> <a  href=\"#\"><i  class=\"gray fa icon fa-google-plus-square small\"><\/i><\/a><\/div> <\/div><\/div> <\/div>     <\/div> <\/div><\/div><div  id=\"contact-1\" data-label=\"Contact\" data-id=\"contact-1\" data-export-id=\"contact-1\" data-category=\"contact\" class=\"contact-1 content-section content-section-spacing white-text\" data-parallax-depth=\"20\" style=\"background-image: url(&quot;https:\/\/garagebar.dk\/wp-content\/uploads\/2021\/02\/cropped-pexels-fauxels-3183149-1.jpg&quot;); background-size: cover; background-position: center top;\">\n<div  class=\"gridContainer\">\n<div  class=\"row text-center\">\n<div  class=\"section-title-col\" data-type=\"column\">\n<h2  class=\"\">Kontakt os.<\/h2>\n\n\n<\/div>\n<\/div>\n<div  class=\"row text-center\">\n<div  class=\"col-xs-12 col-sm-8 col-sm-offset-2 contact-form-wrapper\">\n<div  class=\"card large-padding\">\n<div  class=\"\" data-content-shortcode=\"mesmerize_contact_form shortcode=&quot;contact-form-7 id=&amp;amp;quot;69&amp;amp;quot; title=&amp;amp;quot;Kontakt.&amp;amp;quot;&quot;\" data-editable=\"true\"><div role=\"form\" class=\"wpcf7\" id=\"wpcf7-f69-o1\" lang=\"en-US\" dir=\"ltr\">\n<div class=\"screen-reader-response\"><p role=\"status\" aria-live=\"polite\" aria-atomic=\"true\"><\/p> <ul><\/ul><\/div>\n<form action=\"\/index.php\/wp-json\/wp\/v2\/pages\/65#wpcf7-f69-o1\" method=\"post\" class=\"wpcf7-form init demo\" novalidate=\"novalidate\" data-status=\"init\">\n<div style=\"display: none;\">\n<input type=\"hidden\" name=\"_wpcf7\" value=\"69\" \/>\n<input type=\"hidden\" name=\"_wpcf7_version\" value=\"5.4\" \/>\n<input type=\"hidden\" name=\"_wpcf7_locale\" value=\"en_US\" \/>\n<input type=\"hidden\" name=\"_wpcf7_unit_tag\" value=\"wpcf7-f69-o1\" \/>\n<input type=\"hidden\" name=\"_wpcf7_container_post\" value=\"0\" \/>\n<input type=\"hidden\" name=\"_wpcf7_posted_data_hash\" value=\"\" \/>\n<\/div>\n<p><label> Navn<br \/>\n    <span class=\"wpcf7-form-control-wrap Navn\"><input type=\"text\" name=\"Navn\" value=\"\" size=\"40\" class=\"wpcf7-form-control wpcf7-text wpcf7-validates-as-required\" aria-required=\"true\" aria-invalid=\"false\" \/><\/span> <\/label><\/p>\n<p><label> Email<br \/>\n    <span class=\"wpcf7-form-control-wrap Email\"><input type=\"email\" name=\"Email\" value=\"\" size=\"40\" class=\"wpcf7-form-control wpcf7-text wpcf7-email wpcf7-validates-as-required wpcf7-validates-as-email\" aria-required=\"true\" aria-invalid=\"false\" \/><\/span> <\/label><\/p>\n<p><label> Emne<br \/>\n    <span class=\"wpcf7-form-control-wrap Emne\"><input type=\"text\" name=\"Emne\" value=\"\" size=\"40\" class=\"wpcf7-form-control wpcf7-text\" aria-invalid=\"false\" \/><\/span> <\/label><\/p>\n<p><label> Besked<br \/>\n    <span class=\"wpcf7-form-control-wrap Besked\"><textarea name=\"Besked\" cols=\"40\" rows=\"10\" class=\"wpcf7-form-control wpcf7-textarea\" aria-invalid=\"false\"><\/textarea><\/span> <\/label><\/p>\n<p><input type=\"submit\" value=\"Send\" class=\"wpcf7-form-control wpcf7-submit\" \/><\/p>\n<div class=\"wpcf7-response-output\" aria-hidden=\"true\"><\/div><\/form><\/div><\/div>\n<\/div>\n<\/div>\n<\/div>\n<\/div>\n<\/div>","protected":false},"excerpt":{"rendered":"<p>HJEMMESIDE. F\u00e6rdig hjemmeside efter dine behovMinimun 5 sider, 5 mailkonti og gratis dom\u00e6ne. FLEKSIBILITET. Hjemmesider kan selvf\u00f8lgelig tilg\u00e5s fra alle typer enheder. PLANL\u00c6GNING. Det er vigtigt, at hjemmesiden afspejler din virksomhed og er opbygget s\u00e5ledes, at den er relevant for din specifikke m\u00e5lgruppe. EDAX.DK F\u00e6rdig hjemmeside efter dine behovMinimun 5 sider, 5 mailkonti og gratis&hellip; <br \/> <a class=\"read-more\" href=\"https:\/\/garagebar.dk\/\">L\u00e6s mere<\/a><\/p>\n","protected":false},"author":1,"featured_media":0,"parent":0,"menu_order":0,"comment_status":"closed","ping_status":"closed","template":"page-templates\/homepage.php","meta":{"footnotes":""},"class_list":["post-65","page","type-page","status-publish","hentry"],"_links":{"self":[{"href":"https:\/\/garagebar.dk\/index.php\/wp-json\/wp\/v2\/pages\/65","targetHints":{"allow":["GET"]}}],"collection":[{"href":"https:\/\/garagebar.dk\/index.php\/wp-json\/wp\/v2\/pages"}],"about":[{"href":"https:\/\/garagebar.dk\/index.php\/wp-json\/wp\/v2\/types\/page"}],"author":[{"embeddable":true,"href":"https:\/\/garagebar.dk\/index.php\/wp-json\/wp\/v2\/users\/1"}],"replies":[{"embeddable":true,"href":"https:\/\/garagebar.dk\/index.php\/wp-json\/wp\/v2\/comments?post=65"}],"version-history":[{"count":1,"href":"https:\/\/garagebar.dk\/index.php\/wp-json\/wp\/v2\/pages\/65\/revisions"}],"predecessor-version":[{"id":702,"href":"https:\/\/garagebar.dk\/index.php\/wp-json\/wp\/v2\/pages\/65\/revisions\/702"}],"wp:attachment":[{"href":"https:\/\/garagebar.dk\/index.php\/wp-json\/wp\/v2\/media?parent=65"}],"curies":[{"name":"wp","href":"https:\/\/api.w.org\/{rel}","templated":true}]}}